{"id":108,"date":"2023-04-04T15:00:17","date_gmt":"2023-04-04T15:00:17","guid":{"rendered":"https:\/\/nieuw.casabelladibosco.nl\/?page_id=108"},"modified":"2026-03-06T20:29:56","modified_gmt":"2026-03-06T19:29:56","slug":"over-ons","status":"publish","type":"page","link":"https:\/\/nieuw.casabelladibosco.nl\/de\/over-ons\/","title":{"rendered":"\u00dcber uns"},"content":{"rendered":"<div data-elementor-type=\"wp-page\" data-elementor-id=\"108\" class=\"elementor elementor-108\">\n\t\t\t\t\t\t<section class=\"elementor-section elementor-top-section elementor-element elementor-element-239ccdb2 elementor-section-content-middle elementor-section-boxed elementor-section-height-default elementor-section-height-default\" data-id=\"239ccdb2\" data-element_type=\"section\" data-e-type=\"section\">\n\t\t\t\t\t\t<div class=\"elementor-container elementor-column-gap-no\">\n\t\t\t\t\t<div class=\"elementor-column elementor-col-50 elementor-top-column elementor-element elementor-element-2b46f1e6\" data-id=\"2b46f1e6\" data-element_type=\"column\" data-e-type=\"column\">\n\t\t\t<div class=\"elementor-widget-wrap elementor-element-populated\">\n\t\t\t\t\t\t<div class=\"elementor-element elementor-element-44cadcd1 elementor-widget elementor-widget-heading\" data-id=\"44cadcd1\" data-element_type=\"widget\" data-e-type=\"widget\" data-widget_type=\"heading.default\">\n\t\t\t\t<div class=\"elementor-widget-container\">\n\t\t\t\t\t<h1 class=\"elementor-heading-title elementor-size-default\">\u00dcber uns<\/h1>\t\t\t\t<\/div>\n\t\t\t\t<\/div>\n\t\t\t\t<div class=\"elementor-element elementor-element-fe36580 elementor-widget elementor-widget-heading\" data-id=\"fe36580\" data-element_type=\"widget\" data-e-type=\"widget\" data-widget_type=\"heading.default\">\n\t\t\t\t<div class=\"elementor-widget-container\">\n\t\t\t\t\t<h3 class=\"elementor-heading-title elementor-size-default\">Wir freuen uns, Sie kennenzulernen<\/h3>\t\t\t\t<\/div>\n\t\t\t\t<\/div>\n\t\t\t\t<div class=\"elementor-element elementor-element-65b58220 elementor-widget__width-initial elementor-widget elementor-widget-text-editor\" data-id=\"65b58220\" data-element_type=\"widget\" data-e-type=\"widget\" data-widget_type=\"text-editor.default\">\n\t\t\t\t<div class=\"elementor-widget-container\">\n\t\t\t\t\t\t\t\t\t<p><strong>Ciao!<\/strong><\/p><p><span style=\"font-style: inherit; color: var( --e-global-color-text ); font-family: var( --e-global-typography-text-font-family ), Sans-serif; background-color: var(--ast-global-color-5);\">Die zwei Ferienh\u00e4user entstanden aus einem gemeinsamen Traum von Remko, Niek, Sylvia und Debby. Die Br\u00fcder Niek und Remko verbrachten ihre Ferien fr\u00fcher in Italien, wo lange Sommerabende, gutes Essen und unbeschwerte Zweisamkeit zum Alltag geh\u00f6rten. Diese warme Atmosph\u00e4re von <strong><em>la Dolce Vita<\/em><\/strong> Gemeinsam mit Sylvia und Debby m\u00f6chten sie nun das s\u00fc\u00dfe Leben mit ihren G\u00e4sten teilen. Mit Blick auf Komfort, Authentizit\u00e4t und Entspannung sind die Cottages als Orte gestaltet, an denen die Zeit langsamer vergeht. Hier dreht sich alles darum, die Natur, die Ruhe und die Gesellschaft der anderen zu genie\u00dfen. Sie hoffen, dass jeder Gast denselben italienischen Zauber erlebt, der einst die Grundlage f\u00fcr ihr eigenes Urlaubsgl\u00fcck bildete.<\/span><\/p><p style=\"font-weight: 400;\">Beide Ferienh\u00e4user wurden gr\u00fcndlich renoviert und sind bereit, G\u00e4ste zu empfangen und ihnen einen angenehmen Aufenthalt zu erm\u00f6glichen. <strong><em>la Dolce Vita<\/em><\/strong> in Itali\u00eb.<\/p><p><strong>Arrividerci in Tignale!<\/strong><\/p>\t\t\t\t\t\t\t\t<\/div>\n\t\t\t\t<\/div>\n\t\t\t\t<div class=\"elementor-element elementor-element-11d1fe17 elementor-align-left elementor-mobile-align-center elementor-invisible elementor-widget elementor-widget-button\" data-id=\"11d1fe17\" data-element_type=\"widget\" data-e-type=\"widget\" data-settings=\"{&quot;_animation&quot;:&quot;fadeInDown&quot;}\" data-widget_type=\"button.default\">\n\t\t\t\t<div class=\"elementor-widget-container\">\n\t\t\t\t\t\t\t\t\t<div class=\"elementor-button-wrapper\">\n\t\t\t\t\t<a class=\"elementor-button elementor-button-link elementor-size-sm\" href=\"https:\/\/checkout.lodgify.com\/casabelladibosco\/nl\/#\/461261\" target=\"_blank\">\n\t\t\t\t\t\t<span class=\"elementor-button-content-wrapper\">\n\t\t\t\t\t\t\t\t\t<span class=\"elementor-button-text\">Buchen<\/span>\n\t\t\t\t\t<\/span>\n\t\t\t\t\t<\/a>\n\t\t\t\t<\/div>\n\t\t\t\t\t\t\t\t<\/div>\n\t\t\t\t<\/div>\n\t\t\t\t\t<\/div>\n\t\t<\/div>\n\t\t\t\t<div class=\"elementor-column elementor-col-50 elementor-top-column elementor-element elementor-element-7cc9703f\" data-id=\"7cc9703f\" data-element_type=\"column\" data-e-type=\"column\">\n\t\t\t<div class=\"elementor-widget-wrap elementor-element-populated\">\n\t\t\t\t\t\t<div class=\"elementor-element elementor-element-bc90aa4 elementor-widget elementor-widget-image\" data-id=\"bc90aa4\" data-element_type=\"widget\" data-e-type=\"widget\" data-widget_type=\"image.default\">\n\t\t\t\t<div class=\"elementor-widget-container\">\n\t\t\t\t\t\t\t\t\t\t\t\t\t\t\t<img fetchpriority=\"high\" decoding=\"async\" width=\"1024\" height=\"1024\" src=\"https:\/\/nieuw.casabelladibosco.nl\/wp-content\/uploads\/2023\/06\/Rensink.jpg\" class=\"attachment-large size-large wp-image-535\" alt=\"\" srcset=\"https:\/\/nieuw.casabelladibosco.nl\/wp-content\/uploads\/2023\/06\/Rensink.jpg 1024w, https:\/\/nieuw.casabelladibosco.nl\/wp-content\/uploads\/2023\/06\/Rensink-300x300.jpg 300w, https:\/\/nieuw.casabelladibosco.nl\/wp-content\/uploads\/2023\/06\/Rensink-150x150.jpg 150w, https:\/\/nieuw.casabelladibosco.nl\/wp-content\/uploads\/2023\/06\/Rensink-768x768.jpg 768w\" sizes=\"(max-width: 1024px) 100vw, 1024px\" \/>\t\t\t\t\t\t\t\t\t\t\t\t\t\t\t<\/div>\n\t\t\t\t<\/div>\n\t\t\t\t\t<\/div>\n\t\t<\/div>\n\t\t\t\t\t<\/div>\n\t\t<\/section>\n\t\t\t\t<section class=\"elementor-section elementor-top-section elementor-element elementor-element-97e2dbc elementor-section-boxed elementor-section-height-default elementor-section-height-default\" data-id=\"97e2dbc\" data-element_type=\"section\" data-e-type=\"section\">\n\t\t\t\t\t\t<div class=\"elementor-container elementor-column-gap-default\">\n\t\t\t\t\t<div class=\"elementor-column elementor-col-100 elementor-top-column elementor-element elementor-element-49e7833\" data-id=\"49e7833\" data-element_type=\"column\" data-e-type=\"column\">\n\t\t\t<div class=\"elementor-widget-wrap elementor-element-populated\">\n\t\t\t\t\t\t<section class=\"elementor-section elementor-inner-section elementor-element elementor-element-35cf2b0 elementor-section-boxed elementor-section-height-default elementor-section-height-default\" data-id=\"35cf2b0\" data-element_type=\"section\" data-e-type=\"section\">\n\t\t\t\t\t\t<div class=\"elementor-container elementor-column-gap-default\">\n\t\t\t\t\t<div class=\"elementor-column elementor-col-50 elementor-inner-column elementor-element elementor-element-e55baad\" data-id=\"e55baad\" data-element_type=\"column\" data-e-type=\"column\">\n\t\t\t<div class=\"elementor-widget-wrap elementor-element-populated\">\n\t\t\t\t\t\t<div class=\"elementor-element elementor-element-ae10052 elementor-widget elementor-widget-image\" data-id=\"ae10052\" data-element_type=\"widget\" data-e-type=\"widget\" data-widget_type=\"image.default\">\n\t\t\t\t<div class=\"elementor-widget-container\">\n\t\t\t\t\t\t\t\t\t\t\t\t\t\t\t<img decoding=\"async\" width=\"1024\" height=\"1024\" src=\"https:\/\/nieuw.casabelladibosco.nl\/wp-content\/uploads\/2023\/06\/Niek-en-Remko-1024x1024.jpg\" class=\"attachment-large size-large wp-image-542\" alt=\"\" srcset=\"https:\/\/nieuw.casabelladibosco.nl\/wp-content\/uploads\/2023\/06\/Niek-en-Remko-1024x1024.jpg 1024w, https:\/\/nieuw.casabelladibosco.nl\/wp-content\/uploads\/2023\/06\/Niek-en-Remko-300x300.jpg 300w, https:\/\/nieuw.casabelladibosco.nl\/wp-content\/uploads\/2023\/06\/Niek-en-Remko-150x150.jpg 150w, https:\/\/nieuw.casabelladibosco.nl\/wp-content\/uploads\/2023\/06\/Niek-en-Remko-768x768.jpg 768w, https:\/\/nieuw.casabelladibosco.nl\/wp-content\/uploads\/2023\/06\/Niek-en-Remko.jpg 1200w\" sizes=\"(max-width: 1024px) 100vw, 1024px\" \/>\t\t\t\t\t\t\t\t\t\t\t\t\t\t\t<\/div>\n\t\t\t\t<\/div>\n\t\t\t\t\t<\/div>\n\t\t<\/div>\n\t\t\t\t<div class=\"elementor-column elementor-col-50 elementor-inner-column elementor-element elementor-element-22ec03b\" data-id=\"22ec03b\" data-element_type=\"column\" data-e-type=\"column\">\n\t\t\t<div class=\"elementor-widget-wrap elementor-element-populated\">\n\t\t\t\t\t\t<div class=\"elementor-element elementor-element-cefa3f1 elementor-widget elementor-widget-image\" data-id=\"cefa3f1\" data-element_type=\"widget\" data-e-type=\"widget\" data-widget_type=\"image.default\">\n\t\t\t\t<div class=\"elementor-widget-container\">\n\t\t\t\t\t\t\t\t\t\t\t\t\t\t\t<img decoding=\"async\" width=\"1024\" height=\"1024\" src=\"https:\/\/nieuw.casabelladibosco.nl\/wp-content\/uploads\/2023\/06\/Remko-en-Niek-1024x1024.jpg\" class=\"attachment-large size-large wp-image-543\" alt=\"\" srcset=\"https:\/\/nieuw.casabelladibosco.nl\/wp-content\/uploads\/2023\/06\/Remko-en-Niek-1024x1024.jpg 1024w, https:\/\/nieuw.casabelladibosco.nl\/wp-content\/uploads\/2023\/06\/Remko-en-Niek-300x300.jpg 300w, https:\/\/nieuw.casabelladibosco.nl\/wp-content\/uploads\/2023\/06\/Remko-en-Niek-150x150.jpg 150w, https:\/\/nieuw.casabelladibosco.nl\/wp-content\/uploads\/2023\/06\/Remko-en-Niek-768x768.jpg 768w, https:\/\/nieuw.casabelladibosco.nl\/wp-content\/uploads\/2023\/06\/Remko-en-Niek.jpg 1200w\" sizes=\"(max-width: 1024px) 100vw, 1024px\" \/>\t\t\t\t\t\t\t\t\t\t\t\t\t\t\t<\/div>\n\t\t\t\t<\/div>\n\t\t\t\t\t<\/div>\n\t\t<\/div>\n\t\t\t\t\t<\/div>\n\t\t<\/section>\n\t\t\t\t\t<\/div>\n\t\t<\/div>\n\t\t\t\t\t<\/div>\n\t\t<\/section>\n\t\t\t\t<\/div>","protected":false},"excerpt":{"rendered":"<p>Over ons Aangenaam om kennis te maken Ciao! De twee vakantiehuisjes van Niek, Remko, Sylvia en Debby zijn ontstaan vanuit een gedeelde droom en een jeugd vol dierbare herinneringen. De broers Niek en Remko brachten vroeger hun vakanties door in Itali\u00eb, waar lange zomeravonden, goed eten en onbezorgd samenzijn centraal stonden. Die warme sfeer van [&hellip;]<\/p>\n","protected":false},"author":1,"featured_media":0,"parent":0,"menu_order":0,"comment_status":"closed","ping_status":"closed","template":"","meta":{"site-sidebar-layout":"no-sidebar","site-content-layout":"page-builder","ast-site-content-layout":"default","site-content-style":"default","site-sidebar-style":"default","ast-global-header-display":"","ast-banner-title-visibility":"","ast-main-header-display":"","ast-hfb-above-header-display":"","ast-hfb-below-header-display":"","ast-hfb-mobile-header-display":"","site-post-title":"disabled","ast-breadcrumbs-content":"","ast-featured-img":"disabled","footer-sml-layout":"","ast-disable-related-posts":"","theme-transparent-header-meta":"disabled","adv-header-id-meta":"","stick-header-meta":"","header-above-stick-meta":"","header-main-stick-meta":"","header-below-stick-meta":"","astra-migrate-meta-layouts":"default","ast-page-background-enabled":"default","ast-page-background-meta":{"desktop":{"background-color":"var(--ast-global-color-4)","background-image":"","background-repeat":"repeat","background-position":"center center","background-size":"auto","background-attachment":"scroll","background-type":"","background-media":"","overlay-type":"","overlay-color":"","overlay-opacity":"","overlay-gradient":""},"tablet":{"background-color":"","background-image":"","background-repeat":"repeat","background-position":"center center","background-size":"auto","background-attachment":"scroll","background-type":"","background-media":"","overlay-type":"","overlay-color":"","overlay-opacity":"","overlay-gradient":""},"mobile":{"background-color":"","background-image":"","background-repeat":"repeat","background-position":"center center","background-size":"auto","background-attachment":"scroll","background-type":"","background-media":"","overlay-type":"","overlay-color":"","overlay-opacity":"","overlay-gradient":""}},"ast-content-background-meta":{"desktop":{"background-color":"var(--ast-global-color-5)","background-image":"","background-repeat":"repeat","background-position":"center center","background-size":"auto","background-attachment":"scroll","background-type":"","background-media":"","overlay-type":"","overlay-color":"","overlay-opacity":"","overlay-gradient":""},"tablet":{"background-color":"var(--ast-global-color-5)","background-image":"","background-repeat":"repeat","background-position":"center center","background-size":"auto","background-attachment":"scroll","background-type":"","background-media":"","overlay-type":"","overlay-color":"","overlay-opacity":"","overlay-gradient":""},"mobile":{"background-color":"var(--ast-global-color-5)","background-image":"","background-repeat":"repeat","background-position":"center center","background-size":"auto","background-attachment":"scroll","background-type":"","background-media":"","overlay-type":"","overlay-color":"","overlay-opacity":"","overlay-gradient":""}},"footnotes":""},"class_list":["post-108","page","type-page","status-publish","hentry"],"yoast_head":"<!-- This site is optimized with the Yoast SEO plugin v27.1.1 - https:\/\/yoast.com\/product\/yoast-seo-wordpress\/ -->\n<title>Over ons - Casa Bella di Bosco<\/title>\n<meta name=\"robots\" content=\"index, follow, max-snippet:-1, max-image-preview:large, max-video-preview:-1\" \/>\n<link rel=\"canonical\" href=\"https:\/\/nieuw.casabelladibosco.nl\/de\/over-ons\/\" \/>\n<meta property=\"og:locale\" content=\"de_DE\" \/>\n<meta property=\"og:type\" content=\"article\" \/>\n<meta property=\"og:title\" content=\"Over ons - Casa Bella di Bosco\" \/>\n<meta property=\"og:description\" content=\"Over ons Aangenaam om kennis te maken Ciao! De twee vakantiehuisjes van Niek, Remko, Sylvia en Debby zijn ontstaan vanuit een gedeelde droom en een jeugd vol dierbare herinneringen. De broers Niek en Remko brachten vroeger hun vakanties door in Itali\u00eb, waar lange zomeravonden, goed eten en onbezorgd samenzijn centraal stonden. Die warme sfeer van [&hellip;]\" \/>\n<meta property=\"og:url\" content=\"https:\/\/nieuw.casabelladibosco.nl\/de\/over-ons\/\" \/>\n<meta property=\"og:site_name\" content=\"Casa Bella di Bosco\" \/>\n<meta property=\"article:modified_time\" content=\"2026-03-06T19:29:56+00:00\" \/>\n<meta property=\"og:image\" content=\"https:\/\/nieuw.casabelladibosco.nl\/wp-content\/uploads\/2023\/06\/Rensink.jpg\" \/>\n\t<meta property=\"og:image:width\" content=\"1024\" \/>\n\t<meta property=\"og:image:height\" content=\"1024\" \/>\n\t<meta property=\"og:image:type\" content=\"image\/jpeg\" \/>\n<meta name=\"twitter:card\" content=\"summary_large_image\" \/>\n<meta name=\"twitter:label1\" content=\"Gesch\u00e4tzte Lesezeit\" \/>\n\t<meta name=\"twitter:data1\" content=\"2\u00a0Minuten\" \/>\n<script type=\"application\/ld+json\" class=\"yoast-schema-graph\">{\"@context\":\"https:\/\/schema.org\",\"@graph\":[{\"@type\":\"WebPage\",\"@id\":\"https:\/\/nieuw.casabelladibosco.nl\/over-ons\/\",\"url\":\"https:\/\/nieuw.casabelladibosco.nl\/over-ons\/\",\"name\":\"Over ons - Casa Bella di Bosco\",\"isPartOf\":{\"@id\":\"https:\/\/nieuw.casabelladibosco.nl\/#website\"},\"primaryImageOfPage\":{\"@id\":\"https:\/\/nieuw.casabelladibosco.nl\/over-ons\/#primaryimage\"},\"image\":{\"@id\":\"https:\/\/nieuw.casabelladibosco.nl\/over-ons\/#primaryimage\"},\"thumbnailUrl\":\"https:\/\/nieuw.casabelladibosco.nl\/wp-content\/uploads\/2023\/06\/Rensink.jpg\",\"datePublished\":\"2023-04-04T15:00:17+00:00\",\"dateModified\":\"2026-03-06T19:29:56+00:00\",\"breadcrumb\":{\"@id\":\"https:\/\/nieuw.casabelladibosco.nl\/over-ons\/#breadcrumb\"},\"inLanguage\":\"de\",\"potentialAction\":[{\"@type\":\"ReadAction\",\"target\":[\"https:\/\/nieuw.casabelladibosco.nl\/over-ons\/\"]}]},{\"@type\":\"ImageObject\",\"inLanguage\":\"de\",\"@id\":\"https:\/\/nieuw.casabelladibosco.nl\/over-ons\/#primaryimage\",\"url\":\"https:\/\/nieuw.casabelladibosco.nl\/wp-content\/uploads\/2023\/06\/Rensink.jpg\",\"contentUrl\":\"https:\/\/nieuw.casabelladibosco.nl\/wp-content\/uploads\/2023\/06\/Rensink.jpg\"},{\"@type\":\"BreadcrumbList\",\"@id\":\"https:\/\/nieuw.casabelladibosco.nl\/over-ons\/#breadcrumb\",\"itemListElement\":[{\"@type\":\"ListItem\",\"position\":1,\"name\":\"Home\",\"item\":\"https:\/\/nieuw.casabelladibosco.nl\/\"},{\"@type\":\"ListItem\",\"position\":2,\"name\":\"Over ons\"}]},{\"@type\":\"WebSite\",\"@id\":\"https:\/\/nieuw.casabelladibosco.nl\/#website\",\"url\":\"https:\/\/nieuw.casabelladibosco.nl\/\",\"name\":\"Casa Bella di Bosco\",\"description\":\"\",\"publisher\":{\"@id\":\"https:\/\/nieuw.casabelladibosco.nl\/#organization\"},\"potentialAction\":[{\"@type\":\"SearchAction\",\"target\":{\"@type\":\"EntryPoint\",\"urlTemplate\":\"https:\/\/nieuw.casabelladibosco.nl\/?s={search_term_string}\"},\"query-input\":{\"@type\":\"PropertyValueSpecification\",\"valueRequired\":true,\"valueName\":\"search_term_string\"}}],\"inLanguage\":\"de\"},{\"@type\":\"Organization\",\"@id\":\"https:\/\/nieuw.casabelladibosco.nl\/#organization\",\"name\":\"Casa Bella di Bosco\",\"url\":\"https:\/\/nieuw.casabelladibosco.nl\/\",\"logo\":{\"@type\":\"ImageObject\",\"inLanguage\":\"de\",\"@id\":\"https:\/\/nieuw.casabelladibosco.nl\/#\/schema\/logo\/image\/\",\"url\":\"https:\/\/nieuw.casabelladibosco.nl\/wp-content\/uploads\/2023\/05\/logo-white-sideways-1.png\",\"contentUrl\":\"https:\/\/nieuw.casabelladibosco.nl\/wp-content\/uploads\/2023\/05\/logo-white-sideways-1.png\",\"width\":2000,\"height\":383,\"caption\":\"Casa Bella di Bosco\"},\"image\":{\"@id\":\"https:\/\/nieuw.casabelladibosco.nl\/#\/schema\/logo\/image\/\"}}]}<\/script>\n<!-- \/ Yoast SEO plugin. -->","yoast_head_json":{"title":"Over ons - Casa Bella di Bosco","robots":{"index":"index","follow":"follow","max-snippet":"max-snippet:-1","max-image-preview":"max-image-preview:large","max-video-preview":"max-video-preview:-1"},"canonical":"https:\/\/nieuw.casabelladibosco.nl\/de\/over-ons\/","og_locale":"de_DE","og_type":"article","og_title":"Over ons - Casa Bella di Bosco","og_description":"Over ons Aangenaam om kennis te maken Ciao! De twee vakantiehuisjes van Niek, Remko, Sylvia en Debby zijn ontstaan vanuit een gedeelde droom en een jeugd vol dierbare herinneringen. De broers Niek en Remko brachten vroeger hun vakanties door in Itali\u00eb, waar lange zomeravonden, goed eten en onbezorgd samenzijn centraal stonden. Die warme sfeer van [&hellip;]","og_url":"https:\/\/nieuw.casabelladibosco.nl\/de\/over-ons\/","og_site_name":"Casa Bella di Bosco","article_modified_time":"2026-03-06T19:29:56+00:00","og_image":[{"width":1024,"height":1024,"url":"https:\/\/nieuw.casabelladibosco.nl\/wp-content\/uploads\/2023\/06\/Rensink.jpg","type":"image\/jpeg"}],"twitter_card":"summary_large_image","twitter_misc":{"Gesch\u00e4tzte Lesezeit":"2\u00a0Minuten"},"schema":{"@context":"https:\/\/schema.org","@graph":[{"@type":"WebPage","@id":"https:\/\/nieuw.casabelladibosco.nl\/over-ons\/","url":"https:\/\/nieuw.casabelladibosco.nl\/over-ons\/","name":"Over ons - Casa Bella di Bosco","isPartOf":{"@id":"https:\/\/nieuw.casabelladibosco.nl\/#website"},"primaryImageOfPage":{"@id":"https:\/\/nieuw.casabelladibosco.nl\/over-ons\/#primaryimage"},"image":{"@id":"https:\/\/nieuw.casabelladibosco.nl\/over-ons\/#primaryimage"},"thumbnailUrl":"https:\/\/nieuw.casabelladibosco.nl\/wp-content\/uploads\/2023\/06\/Rensink.jpg","datePublished":"2023-04-04T15:00:17+00:00","dateModified":"2026-03-06T19:29:56+00:00","breadcrumb":{"@id":"https:\/\/nieuw.casabelladibosco.nl\/over-ons\/#breadcrumb"},"inLanguage":"de","potentialAction":[{"@type":"ReadAction","target":["https:\/\/nieuw.casabelladibosco.nl\/over-ons\/"]}]},{"@type":"ImageObject","inLanguage":"de","@id":"https:\/\/nieuw.casabelladibosco.nl\/over-ons\/#primaryimage","url":"https:\/\/nieuw.casabelladibosco.nl\/wp-content\/uploads\/2023\/06\/Rensink.jpg","contentUrl":"https:\/\/nieuw.casabelladibosco.nl\/wp-content\/uploads\/2023\/06\/Rensink.jpg"},{"@type":"BreadcrumbList","@id":"https:\/\/nieuw.casabelladibosco.nl\/over-ons\/#breadcrumb","itemListElement":[{"@type":"ListItem","position":1,"name":"Home","item":"https:\/\/nieuw.casabelladibosco.nl\/"},{"@type":"ListItem","position":2,"name":"Over ons"}]},{"@type":"WebSite","@id":"https:\/\/nieuw.casabelladibosco.nl\/#website","url":"https:\/\/nieuw.casabelladibosco.nl\/","name":"Casa Bella di Bosco","description":"","publisher":{"@id":"https:\/\/nieuw.casabelladibosco.nl\/#organization"},"potentialAction":[{"@type":"SearchAction","target":{"@type":"EntryPoint","urlTemplate":"https:\/\/nieuw.casabelladibosco.nl\/?s={search_term_string}"},"query-input":{"@type":"PropertyValueSpecification","valueRequired":true,"valueName":"search_term_string"}}],"inLanguage":"de"},{"@type":"Organization","@id":"https:\/\/nieuw.casabelladibosco.nl\/#organization","name":"Casa Bella di Bosco","url":"https:\/\/nieuw.casabelladibosco.nl\/","logo":{"@type":"ImageObject","inLanguage":"de","@id":"https:\/\/nieuw.casabelladibosco.nl\/#\/schema\/logo\/image\/","url":"https:\/\/nieuw.casabelladibosco.nl\/wp-content\/uploads\/2023\/05\/logo-white-sideways-1.png","contentUrl":"https:\/\/nieuw.casabelladibosco.nl\/wp-content\/uploads\/2023\/05\/logo-white-sideways-1.png","width":2000,"height":383,"caption":"Casa Bella di Bosco"},"image":{"@id":"https:\/\/nieuw.casabelladibosco.nl\/#\/schema\/logo\/image\/"}}]}},"_links":{"self":[{"href":"https:\/\/nieuw.casabelladibosco.nl\/de\/wp-json\/wp\/v2\/pages\/108","targetHints":{"allow":["GET"]}}],"collection":[{"href":"https:\/\/nieuw.casabelladibosco.nl\/de\/wp-json\/wp\/v2\/pages"}],"about":[{"href":"https:\/\/nieuw.casabelladibosco.nl\/de\/wp-json\/wp\/v2\/types\/page"}],"author":[{"embeddable":true,"href":"https:\/\/nieuw.casabelladibosco.nl\/de\/wp-json\/wp\/v2\/users\/1"}],"replies":[{"embeddable":true,"href":"https:\/\/nieuw.casabelladibosco.nl\/de\/wp-json\/wp\/v2\/comments?post=108"}],"version-history":[{"count":46,"href":"https:\/\/nieuw.casabelladibosco.nl\/de\/wp-json\/wp\/v2\/pages\/108\/revisions"}],"predecessor-version":[{"id":1982,"href":"https:\/\/nieuw.casabelladibosco.nl\/de\/wp-json\/wp\/v2\/pages\/108\/revisions\/1982"}],"wp:attachment":[{"href":"https:\/\/nieuw.casabelladibosco.nl\/de\/wp-json\/wp\/v2\/media?parent=108"}],"curies":[{"name":"wp","href":"https:\/\/api.w.org\/{rel}","templated":true}]}}