{"id":103,"date":"2023-04-04T15:15:39","date_gmt":"2023-04-04T15:15:39","guid":{"rendered":"https:\/\/nieuw.casabelladibosco.nl\/?page_id=103"},"modified":"2026-03-06T20:26:48","modified_gmt":"2026-03-06T19:26:48","slug":"park","status":"publish","type":"page","link":"https:\/\/nieuw.casabelladibosco.nl\/de\/park\/","title":{"rendered":"Ferienpark"},"content":{"rendered":"<div data-elementor-type=\"wp-page\" data-elementor-id=\"103\" class=\"elementor elementor-103\">\n\t\t\t\t\t\t<section class=\"elementor-section elementor-top-section elementor-element elementor-element-2e107d72 elementor-section-content-middle elementor-section-boxed elementor-section-height-default elementor-section-height-default\" data-id=\"2e107d72\" data-element_type=\"section\" data-e-type=\"section\">\n\t\t\t\t\t\t<div class=\"elementor-container elementor-column-gap-no\">\n\t\t\t\t\t<div class=\"elementor-column elementor-col-50 elementor-top-column elementor-element elementor-element-64d2adb9\" data-id=\"64d2adb9\" data-element_type=\"column\" data-e-type=\"column\">\n\t\t\t<div class=\"elementor-widget-wrap elementor-element-populated\">\n\t\t\t\t\t\t<div class=\"elementor-element elementor-element-39776a40 elementor-widget elementor-widget-heading\" data-id=\"39776a40\" data-element_type=\"widget\" data-e-type=\"widget\" data-widget_type=\"heading.default\">\n\t\t\t\t<div class=\"elementor-widget-container\">\n\t\t\t\t\t<h1 class=\"elementor-heading-title elementor-size-default\">Ferienpark Sunclass<\/h1>\t\t\t\t<\/div>\n\t\t\t\t<\/div>\n\t\t\t\t<div class=\"elementor-element elementor-element-3056a41c elementor-widget__width-initial elementor-widget elementor-widget-text-editor\" data-id=\"3056a41c\" data-element_type=\"widget\" data-e-type=\"widget\" data-widget_type=\"text-editor.default\">\n\t\t\t\t<div class=\"elementor-widget-container\">\n\t\t\t\t\t\t\t\t\t<p>Die Ferienh\u00e4user befinden sich in einem Ferienpark und ist an einen Berg gebaut. Vom Park aus haben Sie einen wundersch\u00f6nen Blick auf den See und die gegen\u00fcberliegenden Berge des <a href=\"https:\/\/www.gardameer-nu.nl\/natuur\/monte-baldo-hoogtepunt-aan-het-gardameer\/\" target=\"_blank\" rel=\"noopener\">Monte Baldo<\/a>Der Park liegt etwa 600 Meter \u00fcber dem Gardasee und grenzt an den gigantischen Naturpark \"<a href=\"https:\/\/www.gardameer-nu.nl\/natuur\/natuurpark-parco-alto-garda-bresciano\/\" target=\"_blank\" rel=\"noopener\">Parco Alto Garda<\/a>\u201c. Es ist ein herrlich entspannender Ferienpark mit allem, was Jung und Alt ben\u00f6tigen.\u00a0<\/p><p>Da der Park \u00fcber steile Stra\u00dfen und Treppen verf\u00fcgt, darunter die Zufahrtsstra\u00dfe zu den Ferienh\u00e4usern B51 und B64, ist er f\u00fcr Menschen mit Behinderungen oder Gehbehinderungen nicht geeignet.<\/p>\t\t\t\t\t\t\t\t<\/div>\n\t\t\t\t<\/div>\n\t\t\t\t<div class=\"elementor-element elementor-element-38a0c94a elementor-align-left elementor-mobile-align-center elementor-invisible elementor-widget elementor-widget-button\" data-id=\"38a0c94a\" data-element_type=\"widget\" data-e-type=\"widget\" data-settings=\"{&quot;_animation&quot;:&quot;fadeInDown&quot;}\" data-widget_type=\"button.default\">\n\t\t\t\t<div class=\"elementor-widget-container\">\n\t\t\t\t\t\t\t\t\t<div class=\"elementor-button-wrapper\">\n\t\t\t\t\t<a class=\"elementor-button elementor-button-link elementor-size-sm\" href=\"https:\/\/checkout.lodgify.com\/casabelladibosco\/nl\/#\/461261\" target=\"_blank\">\n\t\t\t\t\t\t<span class=\"elementor-button-content-wrapper\">\n\t\t\t\t\t\t\t\t\t<span class=\"elementor-button-text\">Buchen<\/span>\n\t\t\t\t\t<\/span>\n\t\t\t\t\t<\/a>\n\t\t\t\t<\/div>\n\t\t\t\t\t\t\t\t<\/div>\n\t\t\t\t<\/div>\n\t\t\t\t\t<\/div>\n\t\t<\/div>\n\t\t\t\t<div class=\"elementor-column elementor-col-50 elementor-top-column elementor-element elementor-element-7b7d5582\" data-id=\"7b7d5582\" data-element_type=\"column\" data-e-type=\"column\">\n\t\t\t<div class=\"elementor-widget-wrap elementor-element-populated\">\n\t\t\t\t\t\t<div class=\"elementor-element elementor-element-2eb0a10 elementor-widget__width-inherit elementor-widget elementor-widget-image\" data-id=\"2eb0a10\" data-element_type=\"widget\" data-e-type=\"widget\" data-widget_type=\"image.default\">\n\t\t\t\t<div class=\"elementor-widget-container\">\n\t\t\t\t\t\t\t\t\t\t\t\t\t\t\t<img decoding=\"async\" src=\"https:\/\/nieuw.casabelladibosco.nl\/wp-content\/uploads\/elementor\/thumbs\/Zwembad-Villagio-Sunclass-qamki0676qci2dg13vejsapxi06ir3yo0xpkgx7pxc.jpg\" title=\"Zwembad-Villagio-Sunclass\" alt=\"Zwembad-Villagio-Sunclass\" loading=\"lazy\" \/>\t\t\t\t\t\t\t\t\t\t\t\t\t\t\t<\/div>\n\t\t\t\t<\/div>\n\t\t\t\t\t<\/div>\n\t\t<\/div>\n\t\t\t\t\t<\/div>\n\t\t<\/section>\n\t\t\t\t<section class=\"elementor-section elementor-top-section elementor-element elementor-element-0083d13 elementor-section-boxed elementor-section-height-default elementor-section-height-default\" data-id=\"0083d13\" data-element_type=\"section\" data-e-type=\"section\">\n\t\t\t\t\t\t<div class=\"elementor-container elementor-column-gap-default\">\n\t\t\t\t\t<div class=\"elementor-column elementor-col-100 elementor-top-column elementor-element elementor-element-aac70d3\" data-id=\"aac70d3\" data-element_type=\"column\" data-e-type=\"column\">\n\t\t\t<div class=\"elementor-widget-wrap elementor-element-populated\">\n\t\t\t\t\t\t<div class=\"elementor-element elementor-element-2d446f2 elementor-widget elementor-widget-heading\" data-id=\"2d446f2\" data-element_type=\"widget\" data-e-type=\"widget\" data-widget_type=\"heading.default\">\n\t\t\t\t<div class=\"elementor-widget-container\">\n\t\t\t\t\t<h2 class=\"elementor-heading-title elementor-size-large\">Einrichtungen<\/h2>\t\t\t\t<\/div>\n\t\t\t\t<\/div>\n\t\t\t\t<section class=\"elementor-section elementor-inner-section elementor-element elementor-element-37d8f2b elementor-section-full_width elementor-section-height-default elementor-section-height-default\" data-id=\"37d8f2b\" data-element_type=\"section\" data-e-type=\"section\">\n\t\t\t\t\t\t<div class=\"elementor-container elementor-column-gap-default\">\n\t\t\t\t\t<div class=\"elementor-column elementor-col-50 elementor-inner-column elementor-element elementor-element-5a1c044\" data-id=\"5a1c044\" data-element_type=\"column\" data-e-type=\"column\">\n\t\t\t<div class=\"elementor-widget-wrap elementor-element-populated\">\n\t\t\t\t\t\t<div class=\"elementor-element elementor-element-9feccaf elementor-widget elementor-widget-text-editor\" data-id=\"9feccaf\" data-element_type=\"widget\" data-e-type=\"widget\" data-widget_type=\"text-editor.default\">\n\t\t\t\t<div class=\"elementor-widget-container\">\n\t\t\t\t\t\t\t\t\t<p>Der Park verf\u00fcgt \u00fcber zahlreiche Einrichtungen:<\/p><ul><li>Schwimmbad (25 x 10 m), im Fr\u00fchjahr und Herbst beheizt<\/li><li>Liegewiese mit Liegest\u00fchlen und Sonnenschirmen<\/li><li>Spielplatz<\/li><li>Tischtennis<\/li><li>Rezeption<\/li><li>Waschsalon<\/li><li>Br\u00f6tchenservice<\/li><li>Einkaufsservice<\/li><li>Kiosk am Pool, an dem Getr\u00e4nke, Pizza, Pommes oder Eis erh\u00e4ltlich sind<\/li><\/ul>\t\t\t\t\t\t\t\t<\/div>\n\t\t\t\t<\/div>\n\t\t\t\t\t<\/div>\n\t\t<\/div>\n\t\t\t\t<div class=\"elementor-column elementor-col-50 elementor-inner-column elementor-element elementor-element-b50d6b8\" data-id=\"b50d6b8\" data-element_type=\"column\" data-e-type=\"column\">\n\t\t\t<div class=\"elementor-widget-wrap elementor-element-populated\">\n\t\t\t\t\t\t<div class=\"elementor-element elementor-element-9e0d0cc elementor-widget elementor-widget-image\" data-id=\"9e0d0cc\" data-element_type=\"widget\" data-e-type=\"widget\" data-widget_type=\"image.default\">\n\t\t\t\t<div class=\"elementor-widget-container\">\n\t\t\t\t\t\t\t\t\t\t\t\t\t\t\t<img fetchpriority=\"high\" decoding=\"async\" width=\"800\" height=\"600\" src=\"https:\/\/nieuw.casabelladibosco.nl\/wp-content\/uploads\/2023\/08\/Zwembad-Tignale.jpg\" class=\"attachment-large size-large wp-image-1106\" alt=\"\" srcset=\"https:\/\/nieuw.casabelladibosco.nl\/wp-content\/uploads\/2023\/08\/Zwembad-Tignale.jpg 800w, https:\/\/nieuw.casabelladibosco.nl\/wp-content\/uploads\/2023\/08\/Zwembad-Tignale-300x225.jpg 300w, https:\/\/nieuw.casabelladibosco.nl\/wp-content\/uploads\/2023\/08\/Zwembad-Tignale-768x576.jpg 768w\" sizes=\"(max-width: 800px) 100vw, 800px\" \/>\t\t\t\t\t\t\t\t\t\t\t\t\t\t\t<\/div>\n\t\t\t\t<\/div>\n\t\t\t\t\t<\/div>\n\t\t<\/div>\n\t\t\t\t\t<\/div>\n\t\t<\/section>\n\t\t\t\t<div class=\"elementor-element elementor-element-32f5522 elementor-widget__width-inherit elementor-widget elementor-widget-image\" data-id=\"32f5522\" data-element_type=\"widget\" data-e-type=\"widget\" data-widget_type=\"image.default\">\n\t\t\t\t<div class=\"elementor-widget-container\">\n\t\t\t\t\t\t\t\t\t\t\t\t\t\t\t<img decoding=\"async\" width=\"1600\" height=\"720\" src=\"https:\/\/nieuw.casabelladibosco.nl\/wp-content\/uploads\/2023\/08\/Gardameer.jpg\" class=\"attachment-full size-full wp-image-1093\" alt=\"\" srcset=\"https:\/\/nieuw.casabelladibosco.nl\/wp-content\/uploads\/2023\/08\/Gardameer.jpg 1600w, https:\/\/nieuw.casabelladibosco.nl\/wp-content\/uploads\/2023\/08\/Gardameer-300x135.jpg 300w, https:\/\/nieuw.casabelladibosco.nl\/wp-content\/uploads\/2023\/08\/Gardameer-1024x461.jpg 1024w, https:\/\/nieuw.casabelladibosco.nl\/wp-content\/uploads\/2023\/08\/Gardameer-768x346.jpg 768w, https:\/\/nieuw.casabelladibosco.nl\/wp-content\/uploads\/2023\/08\/Gardameer-1536x691.jpg 1536w\" sizes=\"(max-width: 1600px) 100vw, 1600px\" \/>\t\t\t\t\t\t\t\t\t\t\t\t\t\t\t<\/div>\n\t\t\t\t<\/div>\n\t\t\t\t<div class=\"elementor-element elementor-element-8ac357a elementor-widget elementor-widget-heading\" data-id=\"8ac357a\" data-element_type=\"widget\" data-e-type=\"widget\" data-widget_type=\"heading.default\">\n\t\t\t\t<div class=\"elementor-widget-container\">\n\t\t\t\t\t<h2 class=\"elementor-heading-title elementor-size-large\">Die Ferienh\u00e4user B51 und B64 befinden sich im oberen Teil des Parks, in unmittelbarer N\u00e4he des Schwimmbads und der Rezeption mit Br\u00f6tchenservice.<\/h2>\t\t\t\t<\/div>\n\t\t\t\t<\/div>\n\t\t\t\t<div class=\"elementor-element elementor-element-8f09dec elementor-widget elementor-widget-image\" data-id=\"8f09dec\" data-element_type=\"widget\" data-e-type=\"widget\" data-widget_type=\"image.default\">\n\t\t\t\t<div class=\"elementor-widget-container\">\n\t\t\t\t\t\t\t\t\t\t\t\t\t\t\t<img decoding=\"async\" width=\"792\" height=\"1040\" src=\"https:\/\/nieuw.casabelladibosco.nl\/wp-content\/uploads\/2026\/03\/Plattegrond-park-B51-en-B64.jpg\" class=\"attachment-full size-full wp-image-1855\" alt=\"\" srcset=\"https:\/\/nieuw.casabelladibosco.nl\/wp-content\/uploads\/2026\/03\/Plattegrond-park-B51-en-B64.jpg 792w, https:\/\/nieuw.casabelladibosco.nl\/wp-content\/uploads\/2026\/03\/Plattegrond-park-B51-en-B64-228x300.jpg 228w, https:\/\/nieuw.casabelladibosco.nl\/wp-content\/uploads\/2026\/03\/Plattegrond-park-B51-en-B64-780x1024.jpg 780w, https:\/\/nieuw.casabelladibosco.nl\/wp-content\/uploads\/2026\/03\/Plattegrond-park-B51-en-B64-768x1008.jpg 768w, https:\/\/nieuw.casabelladibosco.nl\/wp-content\/uploads\/2026\/03\/Plattegrond-park-B51-en-B64-9x12.jpg 9w\" sizes=\"(max-width: 792px) 100vw, 792px\" \/>\t\t\t\t\t\t\t\t\t\t\t\t\t\t\t<\/div>\n\t\t\t\t<\/div>\n\t\t\t\t\t<\/div>\n\t\t<\/div>\n\t\t\t\t\t<\/div>\n\t\t<\/section>\n\t\t\t\t<\/div>","protected":false},"excerpt":{"rendered":"<p>Park Sunclass De vakantiehuisjes B51 en B64 liggen op een vakantiepark en zijn tegen een berg gebouwd. Vanaf het park heeft u een prachtig uitzicht op het meer en het tegenoverliggende gebergte van de Monte Baldo. Het park bevindt zich circa 600 meter boven het Gardameer en grenst aan het gigantische natuurpark &#8220;Parco Alto Garda&#8220;. [&hellip;]<\/p>\n","protected":false},"author":1,"featured_media":0,"parent":0,"menu_order":0,"comment_status":"closed","ping_status":"closed","template":"","meta":{"site-sidebar-layout":"no-sidebar","site-content-layout":"page-builder","ast-site-content-layout":"default","site-content-style":"default","site-sidebar-style":"default","ast-global-header-display":"","ast-banner-title-visibility":"","ast-main-header-display":"","ast-hfb-above-header-display":"","ast-hfb-below-header-display":"","ast-hfb-mobile-header-display":"","site-post-title":"disabled","ast-breadcrumbs-content":"","ast-featured-img":"disabled","footer-sml-layout":"","ast-disable-related-posts":"","theme-transparent-header-meta":"disabled","adv-header-id-meta":"","stick-header-meta":"","header-above-stick-meta":"","header-main-stick-meta":"","header-below-stick-meta":"","astra-migrate-meta-layouts":"default","ast-page-background-enabled":"default","ast-page-background-meta":{"desktop":{"background-color":"var(--ast-global-color-4)","background-image":"","background-repeat":"repeat","background-position":"center center","background-size":"auto","background-attachment":"scroll","background-type":"","background-media":"","overlay-type":"","overlay-color":"","overlay-opacity":"","overlay-gradient":""},"tablet":{"background-color":"","background-image":"","background-repeat":"repeat","background-position":"center center","background-size":"auto","background-attachment":"scroll","background-type":"","background-media":"","overlay-type":"","overlay-color":"","overlay-opacity":"","overlay-gradient":""},"mobile":{"background-color":"","background-image":"","background-repeat":"repeat","background-position":"center center","background-size":"auto","background-attachment":"scroll","background-type":"","background-media":"","overlay-type":"","overlay-color":"","overlay-opacity":"","overlay-gradient":""}},"ast-content-background-meta":{"desktop":{"background-color":"var(--ast-global-color-5)","background-image":"","background-repeat":"repeat","background-position":"center center","background-size":"auto","background-attachment":"scroll","background-type":"","background-media":"","overlay-type":"","overlay-color":"","overlay-opacity":"","overlay-gradient":""},"tablet":{"background-color":"var(--ast-global-color-5)","background-image":"","background-repeat":"repeat","background-position":"center center","background-size":"auto","background-attachment":"scroll","background-type":"","background-media":"","overlay-type":"","overlay-color":"","overlay-opacity":"","overlay-gradient":""},"mobile":{"background-color":"var(--ast-global-color-5)","background-image":"","background-repeat":"repeat","background-position":"center center","background-size":"auto","background-attachment":"scroll","background-type":"","background-media":"","overlay-type":"","overlay-color":"","overlay-opacity":"","overlay-gradient":""}},"footnotes":""},"class_list":["post-103","page","type-page","status-publish","hentry"],"yoast_head":"<!-- This site is optimized with the Yoast SEO plugin v27.1.1 - https:\/\/yoast.com\/product\/yoast-seo-wordpress\/ -->\n<title>Park - Casa Bella di Bosco<\/title>\n<meta name=\"robots\" content=\"index, follow, max-snippet:-1, max-image-preview:large, max-video-preview:-1\" \/>\n<link rel=\"canonical\" href=\"https:\/\/nieuw.casabelladibosco.nl\/de\/park\/\" \/>\n<meta property=\"og:locale\" content=\"de_DE\" \/>\n<meta property=\"og:type\" content=\"article\" \/>\n<meta property=\"og:title\" content=\"Park - Casa Bella di Bosco\" \/>\n<meta property=\"og:description\" content=\"Park Sunclass De vakantiehuisjes B51 en B64 liggen op een vakantiepark en zijn tegen een berg gebouwd. Vanaf het park heeft u een prachtig uitzicht op het meer en het tegenoverliggende gebergte van de Monte Baldo. Het park bevindt zich circa 600 meter boven het Gardameer en grenst aan het gigantische natuurpark &#8220;Parco Alto Garda&#8220;. [&hellip;]\" \/>\n<meta property=\"og:url\" content=\"https:\/\/nieuw.casabelladibosco.nl\/de\/park\/\" \/>\n<meta property=\"og:site_name\" content=\"Casa Bella di Bosco\" \/>\n<meta property=\"article:modified_time\" content=\"2026-03-06T19:26:48+00:00\" \/>\n<meta property=\"og:image\" content=\"https:\/\/nieuw.casabelladibosco.nl\/wp-content\/uploads\/elementor\/thumbs\/Zwembad-Villagio-Sunclass-qamki0676qci2dg13vejsapxi06ir3yo0xpkgx7pxc.jpg\" \/>\n<meta name=\"twitter:card\" content=\"summary_large_image\" \/>\n<meta name=\"twitter:label1\" content=\"Gesch\u00e4tzte Lesezeit\" \/>\n\t<meta name=\"twitter:data1\" content=\"2\u00a0Minuten\" \/>\n<script type=\"application\/ld+json\" class=\"yoast-schema-graph\">{\"@context\":\"https:\/\/schema.org\",\"@graph\":[{\"@type\":\"WebPage\",\"@id\":\"https:\/\/nieuw.casabelladibosco.nl\/park\/\",\"url\":\"https:\/\/nieuw.casabelladibosco.nl\/park\/\",\"name\":\"Park - Casa Bella di Bosco\",\"isPartOf\":{\"@id\":\"https:\/\/nieuw.casabelladibosco.nl\/#website\"},\"primaryImageOfPage\":{\"@id\":\"https:\/\/nieuw.casabelladibosco.nl\/park\/#primaryimage\"},\"image\":{\"@id\":\"https:\/\/nieuw.casabelladibosco.nl\/park\/#primaryimage\"},\"thumbnailUrl\":\"https:\/\/nieuw.casabelladibosco.nl\/wp-content\/uploads\/elementor\/thumbs\/Zwembad-Villagio-Sunclass-qamki0676qci2dg13vejsapxi06ir3yo0xpkgx7pxc.jpg\",\"datePublished\":\"2023-04-04T15:15:39+00:00\",\"dateModified\":\"2026-03-06T19:26:48+00:00\",\"breadcrumb\":{\"@id\":\"https:\/\/nieuw.casabelladibosco.nl\/park\/#breadcrumb\"},\"inLanguage\":\"de\",\"potentialAction\":[{\"@type\":\"ReadAction\",\"target\":[\"https:\/\/nieuw.casabelladibosco.nl\/park\/\"]}]},{\"@type\":\"ImageObject\",\"inLanguage\":\"de\",\"@id\":\"https:\/\/nieuw.casabelladibosco.nl\/park\/#primaryimage\",\"url\":\"https:\/\/nieuw.casabelladibosco.nl\/wp-content\/uploads\/elementor\/thumbs\/Zwembad-Villagio-Sunclass-qamki0676qci2dg13vejsapxi06ir3yo0xpkgx7pxc.jpg\",\"contentUrl\":\"https:\/\/nieuw.casabelladibosco.nl\/wp-content\/uploads\/elementor\/thumbs\/Zwembad-Villagio-Sunclass-qamki0676qci2dg13vejsapxi06ir3yo0xpkgx7pxc.jpg\"},{\"@type\":\"BreadcrumbList\",\"@id\":\"https:\/\/nieuw.casabelladibosco.nl\/park\/#breadcrumb\",\"itemListElement\":[{\"@type\":\"ListItem\",\"position\":1,\"name\":\"Home\",\"item\":\"https:\/\/nieuw.casabelladibosco.nl\/\"},{\"@type\":\"ListItem\",\"position\":2,\"name\":\"Park\"}]},{\"@type\":\"WebSite\",\"@id\":\"https:\/\/nieuw.casabelladibosco.nl\/#website\",\"url\":\"https:\/\/nieuw.casabelladibosco.nl\/\",\"name\":\"Casa Bella di Bosco\",\"description\":\"\",\"publisher\":{\"@id\":\"https:\/\/nieuw.casabelladibosco.nl\/#organization\"},\"potentialAction\":[{\"@type\":\"SearchAction\",\"target\":{\"@type\":\"EntryPoint\",\"urlTemplate\":\"https:\/\/nieuw.casabelladibosco.nl\/?s={search_term_string}\"},\"query-input\":{\"@type\":\"PropertyValueSpecification\",\"valueRequired\":true,\"valueName\":\"search_term_string\"}}],\"inLanguage\":\"de\"},{\"@type\":\"Organization\",\"@id\":\"https:\/\/nieuw.casabelladibosco.nl\/#organization\",\"name\":\"Casa Bella di Bosco\",\"url\":\"https:\/\/nieuw.casabelladibosco.nl\/\",\"logo\":{\"@type\":\"ImageObject\",\"inLanguage\":\"de\",\"@id\":\"https:\/\/nieuw.casabelladibosco.nl\/#\/schema\/logo\/image\/\",\"url\":\"https:\/\/nieuw.casabelladibosco.nl\/wp-content\/uploads\/2023\/05\/logo-white-sideways-1.png\",\"contentUrl\":\"https:\/\/nieuw.casabelladibosco.nl\/wp-content\/uploads\/2023\/05\/logo-white-sideways-1.png\",\"width\":2000,\"height\":383,\"caption\":\"Casa Bella di Bosco\"},\"image\":{\"@id\":\"https:\/\/nieuw.casabelladibosco.nl\/#\/schema\/logo\/image\/\"}}]}<\/script>\n<!-- \/ Yoast SEO plugin. -->","yoast_head_json":{"title":"Park - Casa Bella di Bosco","robots":{"index":"index","follow":"follow","max-snippet":"max-snippet:-1","max-image-preview":"max-image-preview:large","max-video-preview":"max-video-preview:-1"},"canonical":"https:\/\/nieuw.casabelladibosco.nl\/de\/park\/","og_locale":"de_DE","og_type":"article","og_title":"Park - Casa Bella di Bosco","og_description":"Park Sunclass De vakantiehuisjes B51 en B64 liggen op een vakantiepark en zijn tegen een berg gebouwd. Vanaf het park heeft u een prachtig uitzicht op het meer en het tegenoverliggende gebergte van de Monte Baldo. Het park bevindt zich circa 600 meter boven het Gardameer en grenst aan het gigantische natuurpark &#8220;Parco Alto Garda&#8220;. [&hellip;]","og_url":"https:\/\/nieuw.casabelladibosco.nl\/de\/park\/","og_site_name":"Casa Bella di Bosco","article_modified_time":"2026-03-06T19:26:48+00:00","og_image":[{"url":"https:\/\/nieuw.casabelladibosco.nl\/wp-content\/uploads\/elementor\/thumbs\/Zwembad-Villagio-Sunclass-qamki0676qci2dg13vejsapxi06ir3yo0xpkgx7pxc.jpg","type":"","width":"","height":""}],"twitter_card":"summary_large_image","twitter_misc":{"Gesch\u00e4tzte Lesezeit":"2\u00a0Minuten"},"schema":{"@context":"https:\/\/schema.org","@graph":[{"@type":"WebPage","@id":"https:\/\/nieuw.casabelladibosco.nl\/park\/","url":"https:\/\/nieuw.casabelladibosco.nl\/park\/","name":"Park - Casa Bella di Bosco","isPartOf":{"@id":"https:\/\/nieuw.casabelladibosco.nl\/#website"},"primaryImageOfPage":{"@id":"https:\/\/nieuw.casabelladibosco.nl\/park\/#primaryimage"},"image":{"@id":"https:\/\/nieuw.casabelladibosco.nl\/park\/#primaryimage"},"thumbnailUrl":"https:\/\/nieuw.casabelladibosco.nl\/wp-content\/uploads\/elementor\/thumbs\/Zwembad-Villagio-Sunclass-qamki0676qci2dg13vejsapxi06ir3yo0xpkgx7pxc.jpg","datePublished":"2023-04-04T15:15:39+00:00","dateModified":"2026-03-06T19:26:48+00:00","breadcrumb":{"@id":"https:\/\/nieuw.casabelladibosco.nl\/park\/#breadcrumb"},"inLanguage":"de","potentialAction":[{"@type":"ReadAction","target":["https:\/\/nieuw.casabelladibosco.nl\/park\/"]}]},{"@type":"ImageObject","inLanguage":"de","@id":"https:\/\/nieuw.casabelladibosco.nl\/park\/#primaryimage","url":"https:\/\/nieuw.casabelladibosco.nl\/wp-content\/uploads\/elementor\/thumbs\/Zwembad-Villagio-Sunclass-qamki0676qci2dg13vejsapxi06ir3yo0xpkgx7pxc.jpg","contentUrl":"https:\/\/nieuw.casabelladibosco.nl\/wp-content\/uploads\/elementor\/thumbs\/Zwembad-Villagio-Sunclass-qamki0676qci2dg13vejsapxi06ir3yo0xpkgx7pxc.jpg"},{"@type":"BreadcrumbList","@id":"https:\/\/nieuw.casabelladibosco.nl\/park\/#breadcrumb","itemListElement":[{"@type":"ListItem","position":1,"name":"Home","item":"https:\/\/nieuw.casabelladibosco.nl\/"},{"@type":"ListItem","position":2,"name":"Park"}]},{"@type":"WebSite","@id":"https:\/\/nieuw.casabelladibosco.nl\/#website","url":"https:\/\/nieuw.casabelladibosco.nl\/","name":"Casa Bella di Bosco","description":"","publisher":{"@id":"https:\/\/nieuw.casabelladibosco.nl\/#organization"},"potentialAction":[{"@type":"SearchAction","target":{"@type":"EntryPoint","urlTemplate":"https:\/\/nieuw.casabelladibosco.nl\/?s={search_term_string}"},"query-input":{"@type":"PropertyValueSpecification","valueRequired":true,"valueName":"search_term_string"}}],"inLanguage":"de"},{"@type":"Organization","@id":"https:\/\/nieuw.casabelladibosco.nl\/#organization","name":"Casa Bella di Bosco","url":"https:\/\/nieuw.casabelladibosco.nl\/","logo":{"@type":"ImageObject","inLanguage":"de","@id":"https:\/\/nieuw.casabelladibosco.nl\/#\/schema\/logo\/image\/","url":"https:\/\/nieuw.casabelladibosco.nl\/wp-content\/uploads\/2023\/05\/logo-white-sideways-1.png","contentUrl":"https:\/\/nieuw.casabelladibosco.nl\/wp-content\/uploads\/2023\/05\/logo-white-sideways-1.png","width":2000,"height":383,"caption":"Casa Bella di Bosco"},"image":{"@id":"https:\/\/nieuw.casabelladibosco.nl\/#\/schema\/logo\/image\/"}}]}},"_links":{"self":[{"href":"https:\/\/nieuw.casabelladibosco.nl\/de\/wp-json\/wp\/v2\/pages\/103","targetHints":{"allow":["GET"]}}],"collection":[{"href":"https:\/\/nieuw.casabelladibosco.nl\/de\/wp-json\/wp\/v2\/pages"}],"about":[{"href":"https:\/\/nieuw.casabelladibosco.nl\/de\/wp-json\/wp\/v2\/types\/page"}],"author":[{"embeddable":true,"href":"https:\/\/nieuw.casabelladibosco.nl\/de\/wp-json\/wp\/v2\/users\/1"}],"replies":[{"embeddable":true,"href":"https:\/\/nieuw.casabelladibosco.nl\/de\/wp-json\/wp\/v2\/comments?post=103"}],"version-history":[{"count":102,"href":"https:\/\/nieuw.casabelladibosco.nl\/de\/wp-json\/wp\/v2\/pages\/103\/revisions"}],"predecessor-version":[{"id":1976,"href":"https:\/\/nieuw.casabelladibosco.nl\/de\/wp-json\/wp\/v2\/pages\/103\/revisions\/1976"}],"wp:attachment":[{"href":"https:\/\/nieuw.casabelladibosco.nl\/de\/wp-json\/wp\/v2\/media?parent=103"}],"curies":[{"name":"wp","href":"https:\/\/api.w.org\/{rel}","templated":true}]}}